{"id":1024,"date":"2018-04-24T13:24:50","date_gmt":"2018-04-24T12:24:50","guid":{"rendered":"http:\/\/heinz-ulrich-schwarz.de\/wordpress\/?page_id=1024"},"modified":"2021-01-10T11:37:04","modified_gmt":"2021-01-10T10:37:04","slug":"datenschutzerklarung","status":"publish","type":"page","link":"https:\/\/heinz-ulrich-schwarz.de\/wordpress\/datenschutzerklarung\/","title":{"rendered":"Datenschutzerkl\u00e4rung"},"content":{"rendered":"<p><strong>Geltungsbereich<\/strong><\/p>\n<p>Diese Datenschutzerkl\u00e4rung soll die Nutzer dieser Website gem\u00e4\u00df Bundesdatenschutzgesetz (ab 28. Mai 2018 auch gem\u00e4\u00df Datenschutzgrundverordnung) und Telemediengesetz \u00fcber die Art, den Umfang und den Zweck der Erhebung und Verwendung personenbezogener Daten durch den Websitebetreiber Schwarz\u00a0 informieren.<\/p>\n<p>Der Websitebetreiber nimmt Ihren Datenschutz sehr ernst und behandelt Ihre personenbezogenen Daten vertraulich und entsprechend der gesetzlichen Vorschriften.<\/p>\n<p>Bedenken Sie, dass die Daten\u00fcbertragung im Internet grunds\u00e4tzlich mit Sicherheitsl\u00fccken bedacht sein kann. Ein vollumf\u00e4nglicher Schutz vor dem Zugriff durch Fremde ist nicht realisierbar.<\/p>\n<p><strong>Zugriffsdaten<\/strong><\/p>\n<p>Der Websitebetreiber bzw. Seitenprovider erhebt Daten \u00fcber Zugriffe auf die Seite und speichert diese als \u201eServer-Logfiles\u201c ab. Folgende Daten werden so protokolliert:<\/p>\n<ul>\n<li>Besuchte Website<\/li>\n<li>Uhrzeit zum Zeitpunkt des Zugriffes<\/li>\n<li>Menge der gesendeten Daten in Byte<\/li>\n<li>Quelle\/Verweis, von welchem Sie auf die Seite gelangten<\/li>\n<li>Verwendeter Browser<\/li>\n<li>Verwendetes Betriebssystem<\/li>\n<li>Verwendete IP-Adresse<\/li>\n<\/ul>\n<p>Die erhobenen Daten dienen lediglich statistischen Auswertungen und zur Verbesserung der Website. Der Websitebetreiber beh\u00e4lt sich allerdings vor, die Server-Logfiles nachtr\u00e4glich zu \u00fcberpr\u00fcfen, sollten konkrete Anhaltspunkte auf eine rechtswidrige Nutzung hinweisen.<\/p>\n<h4>Cookies<\/h4>\n<p>Diese Website verwendet Cookies. Dabei handelt es sich um kleine Textdateien, welche auf Ihrem Endger\u00e4t gespeichert werden. Ihr Browser greift auf diese Dateien zu. Durch den Einsatz von Cookies erh\u00f6ht sich die Benutzerfreundlichkeit und Sicherheit dieser Website.<\/p>\n<p>G\u00e4ngige Browser bieten die Einstellungsoption, Cookies nicht zuzulassen. Hinweis: Es ist nicht gew\u00e4hrleistet, dass Sie auf alle Funktionen dieser Website ohne Einschr\u00e4nkungen zugreifen k\u00f6nnen, wenn Sie entsprechende Einstellungen vornehmen.<\/p>\n<h4>Umgang mit personenbezogenen Daten<\/h4>\n<p>Der Websitebetreiber erhebt, nutzt und gibt Ihre personenbezogenen Daten nur dann weiter, wenn dies im gesetzlichen Rahmen erlaubt ist oder Sie in die Datenerhebung einwilligen.<\/p>\n<p>Als personenbezogene Daten gelten s\u00e4mtliche Informationen, welche dazu dienen, Ihre Person zu bestimmen und welche zu Ihnen zur\u00fcckverfolgt werden k\u00f6nnen \u2013 also beispielsweise Ihr Name, Ihre E-Mail-Adresse und Telefonnummer.<\/p>\n<h4>Umgang mit Kontaktdaten<\/h4>\n<p>Nehmen Sie mit dem Websitebetreiber durch die angebotenen Kontaktm\u00f6glichkeiten Verbindung auf, werden Ihre Angaben gespeichert, damit auf diese zur Bearbeitung und Beantwortung Ihrer Anfrage zur\u00fcckgegriffen werden kann. Ohne Ihre Einwilligung werden diese Daten nicht an Dritte weitergegeben.<\/p>\n<h4>Umgang mit Kommentaren und Beitr\u00e4gen<\/h4>\n<p>Hinterlassen Sie auf dieser Website einen Beitrag oder Kommentar, wird Ihre IP-Adresse gespeichert. Dies dient der Sicherheit des Websitebetreibers: Verst\u00f6\u00dft Ihr Text gegen das Recht, m\u00f6chte er Ihre Identit\u00e4t nachverfolgen k\u00f6nnen.<\/p>\n<h4>Nutzung von Social-Media-Plugins<\/h4>\n<p>Weiterhin nutzt diese Website Twitter-Schaltfl\u00e4chen. Betrieben werden diese von der Twitter Inc. (795 Folsom St., Suite 600, San Francisco, CA 94107, USA). Besuchen Sie eine Seite, welche eine solche Schaltfl\u00e4che enth\u00e4lt, entsteht eine direkte Verbindung zwischen Ihrem Browser und den Twitter-Servern. Der Websitenbetreiber hat daher keinerlei Einfluss \u00fcber die Natur und den Umfang der Daten, welche das Plugin an die Server Twitter Inc. \u00fcbermittelt.<\/p>\n<p>Gem\u00e4\u00df der Twitter Inc. wird dabei allein Ihre IP-Adresse erhoben und gespeichert.<br \/>\nInformationen zu dem Umgang mit personenbezogenen Daten durch die Twitter Inc. finden Sie hier: <a href=\"https:\/\/twitter.com\/privacy?lang=de\">https:\/\/twitter.com\/privacy?lang=de<\/a><\/p>\n","protected":false},"excerpt":{"rendered":"<p>Geltungsbereich Diese Datenschutzerkl\u00e4rung soll die Nutzer dieser Website gem\u00e4\u00df Bundesdatenschutzgesetz (ab 28. Mai 2018 auch gem\u00e4\u00df Datenschutzgrundverordnung) und Telemediengesetz \u00fcber die Art, den Umfang und den Zweck der Erhebung und Verwendung personenbezogener Daten durch den Websitebetreiber Schwarz\u00a0 informieren. Der Websitebetreiber nimmt Ihren Datenschutz sehr ernst und behandelt Ihre personenbezogenen Daten vertraulich und entsprechend der gesetzlichen &hellip; <\/p>\n<p class=\"link-more\"><a href=\"https:\/\/heinz-ulrich-schwarz.de\/wordpress\/datenschutzerklarung\/\" class=\"more-link\"><span class=\"screen-reader-text\">\u201eDatenschutzerkl\u00e4rung\u201c <\/span>weiterlesen<\/a><\/p>\n","protected":false},"author":4,"featured_media":0,"parent":0,"menu_order":2,"comment_status":"closed","ping_status":"closed","template":"","meta":{"_crdt_document":"","jetpack_post_was_ever_published":false,"footnotes":""},"class_list":["post-1024","page","type-page","status-publish","hentry"],"jetpack_sharing_enabled":true,"jetpack_shortlink":"https:\/\/wp.me\/Pafp4h-gw","_links":{"self":[{"href":"https:\/\/heinz-ulrich-schwarz.de\/wordpress\/wp-json\/wp\/v2\/pages\/1024","targetHints":{"allow":["GET"]}}],"collection":[{"href":"https:\/\/heinz-ulrich-schwarz.de\/wordpress\/wp-json\/wp\/v2\/pages"}],"about":[{"href":"https:\/\/heinz-ulrich-schwarz.de\/wordpress\/wp-json\/wp\/v2\/types\/page"}],"author":[{"embeddable":true,"href":"https:\/\/heinz-ulrich-schwarz.de\/wordpress\/wp-json\/wp\/v2\/users\/4"}],"replies":[{"embeddable":true,"href":"https:\/\/heinz-ulrich-schwarz.de\/wordpress\/wp-json\/wp\/v2\/comments?post=1024"}],"version-history":[{"count":2,"href":"https:\/\/heinz-ulrich-schwarz.de\/wordpress\/wp-json\/wp\/v2\/pages\/1024\/revisions"}],"predecessor-version":[{"id":1355,"href":"https:\/\/heinz-ulrich-schwarz.de\/wordpress\/wp-json\/wp\/v2\/pages\/1024\/revisions\/1355"}],"wp:attachment":[{"href":"https:\/\/heinz-ulrich-schwarz.de\/wordpress\/wp-json\/wp\/v2\/media?parent=1024"}],"curies":[{"name":"wp","href":"https:\/\/api.w.org\/{rel}","templated":true}]}}