{"id":2,"date":"2010-03-11T17:41:07","date_gmt":"2010-03-11T16:41:07","guid":{"rendered":"http:\/\/heinz-ulrich-schwarz.de\/wordpress\/?page_id=2"},"modified":"2015-07-22T09:09:34","modified_gmt":"2015-07-22T08:09:34","slug":"about","status":"publish","type":"page","link":"https:\/\/heinz-ulrich-schwarz.de\/wordpress\/about\/","title":{"rendered":"Vita"},"content":{"rendered":"<ul>\n<li>geboren 1956 in Bonn<\/li>\n<li>Eltern Margret, geb. R\u00fcbenach, und Heinz Schwarz<\/li>\n<li>zweites von sechs Kindern (\u00e4lteste und j\u00fcngste sind &#8211; jetzt &#8211; Frauen)<\/li>\n<li>gro\u00df geworden in Leubsdorf am Rhein<\/li>\n<li>Abitur am Martinus Gymnasium Linz am Rhein<\/li>\n<li>Bundeswehr (heute Reserveoffizier im Rang eines Oberleutnants)<\/li>\n<li>Banklehre bei der Landesbank Rheinland-Pfalz, Niederlassung Koblenz<\/li>\n<li>Jurastudium in Saarbr\u00fccken und Bonn<\/li>\n<li>Rechtsreferendar in Koblenz<\/li>\n<li>Vertragsjurist in einem Entwicklungshilfeprojekt f\u00fcr koreanische Klein- und Mittelindustrie mit Dienssitz in Seoul<\/li>\n<li>Anwalt, seit 1993 in Chemnitz selbst\u00e4ndig<\/li>\n<\/ul>\n<h3>Fr\u00fche urkundliche Erw\u00e4hnung in Chemnitz<\/h3>\n<p>Dieses Dokument d\u00fcrfte eine der ersten urkundlichen Erw\u00e4hnungen zu meiner Person im heutigen Chemnitz sein. Das Datum des Poststempels auf dem Umschlag ist der 9.2.1989.<\/p>\n<p>&lt;hier fehlt ein Bild, das ich mal wieder suchen muss&gt;<\/p>\n<p>Das h\u00e4tte ich damals auch nicht gedacht, da\u00df diese Stadt einmal meine neue Heimat wird.<\/p>\n","protected":false},"excerpt":{"rendered":"<p>geboren 1956 in Bonn Eltern Margret, geb. R\u00fcbenach, und Heinz Schwarz zweites von sechs Kindern (\u00e4lteste und j\u00fcngste sind &#8211; jetzt &#8211; Frauen) gro\u00df geworden in Leubsdorf am Rhein Abitur am Martinus Gymnasium Linz am Rhein Bundeswehr (heute Reserveoffizier im Rang eines Oberleutnants) Banklehre bei der Landesbank Rheinland-Pfalz, Niederlassung Koblenz Jurastudium in Saarbr\u00fccken und Bonn &hellip; <\/p>\n<p class=\"link-more\"><a href=\"https:\/\/heinz-ulrich-schwarz.de\/wordpress\/about\/\" class=\"more-link\"><span class=\"screen-reader-text\">\u201eVita\u201c <\/span>weiterlesen<\/a><\/p>\n","protected":false},"author":4,"featured_media":0,"parent":0,"menu_order":4,"comment_status":"closed","ping_status":"closed","template":"","meta":{"_crdt_document":"","jetpack_post_was_ever_published":false,"footnotes":""},"class_list":["post-2","page","type-page","status-publish","hentry"],"jetpack_sharing_enabled":true,"jetpack_shortlink":"https:\/\/wp.me\/Pafp4h-2","_links":{"self":[{"href":"https:\/\/heinz-ulrich-schwarz.de\/wordpress\/wp-json\/wp\/v2\/pages\/2","targetHints":{"allow":["GET"]}}],"collection":[{"href":"https:\/\/heinz-ulrich-schwarz.de\/wordpress\/wp-json\/wp\/v2\/pages"}],"about":[{"href":"https:\/\/heinz-ulrich-schwarz.de\/wordpress\/wp-json\/wp\/v2\/types\/page"}],"author":[{"embeddable":true,"href":"https:\/\/heinz-ulrich-schwarz.de\/wordpress\/wp-json\/wp\/v2\/users\/4"}],"replies":[{"embeddable":true,"href":"https:\/\/heinz-ulrich-schwarz.de\/wordpress\/wp-json\/wp\/v2\/comments?post=2"}],"version-history":[{"count":4,"href":"https:\/\/heinz-ulrich-schwarz.de\/wordpress\/wp-json\/wp\/v2\/pages\/2\/revisions"}],"predecessor-version":[{"id":801,"href":"https:\/\/heinz-ulrich-schwarz.de\/wordpress\/wp-json\/wp\/v2\/pages\/2\/revisions\/801"}],"wp:attachment":[{"href":"https:\/\/heinz-ulrich-schwarz.de\/wordpress\/wp-json\/wp\/v2\/media?parent=2"}],"curies":[{"name":"wp","href":"https:\/\/api.w.org\/{rel}","templated":true}]}}