{"id":4,"date":"2010-03-11T17:52:30","date_gmt":"2010-03-11T16:52:30","guid":{"rendered":"http:\/\/heinz-ulrich-schwarz.de\/wordpress\/?page_id=4"},"modified":"2022-02-23T23:05:09","modified_gmt":"2022-02-23T22:05:09","slug":"kontakt","status":"publish","type":"page","link":"https:\/\/heinz-ulrich-schwarz.de\/wordpress\/kontakt\/","title":{"rendered":"Kontakt"},"content":{"rendered":"<p>Heinz-Ulrich Schwarz<br \/>\nGeorg-Landgraf-Stra\u00dfe 3<br \/>\n09112 Chemnitz<br \/>\nhallo (bei) heinz-ulrich-schwarz.de<\/p>\n<h4>\u00d6ffentlicher Schl\u00fcssel f\u00fcr verschl\u00fcsselte Nachrichten<\/h4>\n<p>&#8212;&#8211;BEGIN PGP PUBLIC KEY BLOCK&#8212;&#8211;<\/p>\n<p>Comment: Benutzer-ID: Heinz-Ulrich Schwarz &lt;post@heinz-ulrich-schwarz.de&gt;<\/p>\n<p>Comment: Erstellt: 10.04.2019 13:17<\/p>\n<p>Comment: Typ: 3072-bit RSA (geheimer Schl\u00fcssel verf\u00fcgbar)<\/p>\n<p>Comment: Verwendung: Signieren, Verschl\u00fcsselung, Benutzerkennungen beglaubigen<\/p>\n<p>Comment: Fingerabdruck: 755E6FC71A0AA3DB6999C0194B81DE9F1FD89F04<\/p>\n<p>mQGNBFyt0MkBDACwp6j+zzFc8wtSlBDpARNDF0V8p0P2q3DvdH0GvWiuQzREmh5C<\/p>\n<p>kTEO0i26eyv\/YCVxPyEUI40dhCJ5DyuVigTW\/5m3FLz8+1n8x32t+o8JFEvtpCP9<\/p>\n<p>wdrW1Ds3C9K+EVN74ATDnBZ03gM8S9NEKJZhOA144O0OMnI4CelvihfEAwVG3b\/8<\/p>\n<p>dMqfn9tWMQcFNqkrEEizlazrXAVqGNsLC6rzB1WzzJrQIzhecBajhoGViIuAgP9b<\/p>\n<p>3+D96tE7X\/oZeVlSw+5C6rrMSPbTTMIhURq1fL7M3fE+9jHaGyNcxgfdaPPH5y4B<\/p>\n<p>BEF+FJBHu0es8wzTPRR0RE7yeFIVIRwv96xVNX1f\/jP6KergOhoBE9Djhef14sze<\/p>\n<p>+SfgnTPCWkqmx3TOFAkYiK7s\/9D3N6FrMwQhMVSoKgLW3XzABfi4dY\/IYx5L7\/dN<\/p>\n<p>FW2EyMcfl4yM6xk\/effgi8SsHl0RYfLsXL49U1Ra8JWoMJihecTJP8Z0LkJD3MmG<\/p>\n<p>kKyCGouhdQCCaokAEQEAAbQzSGVpbnotVWxyaWNoIFNjaHdhcnogPHBvc3RAaGVp<\/p>\n<p>bnotdWxyaWNoLXNjaHdhcnouZGU+iQHOBBMBCAA4FiEEdV5vxxoKo9tpmcAZS4He<\/p>\n<p>nx\/YnwQFAlyt0MkCGwMFCwkIBwIGFQoJCAsCBBYCAwECHgECF4AACgkQS4Henx\/Y<\/p>\n<p>nwRmXwv\/SXPbI3Fiex\/J2d2i2Of13AJ77e2LRFofiT58+GAs\/MqpV8dVUOvhEn3v<\/p>\n<p>9yBPXvZfjMn3e8JLrS5MsTCk9R4W93ANevLjEzrzLNLCLNxx6hgqKKNlOSscCqE+<\/p>\n<p>jB63\/+sMSXvbDnM43+vc+6T5tY2K9wv9oy5k8J6yBmzy42DPlMA33SNa5pWpd7zE<\/p>\n<p>2wFoXWErqRO+JMEy4EsX0Qdrb7yLtSIM36oftZsraiBgCjsNg3NdgEEYykCCkxJg<\/p>\n<p>X4nydmsN\/BxogUttvPgdEdrq9034b+uVZmiLZITIobIBNQ1aQuUp+MOmLc9lfI7z<\/p>\n<p>fT79NU6kwYWhEgmUAZx5n8qs2eKm0y3MO6EaAXHibdTRvv+l6KATbMmBvhwiBMYa<\/p>\n<p>8ae3hbnD6wAqMgqA4nzQrW91Ts6RgwGKjCeWitAUWpDRO35R5Xi0Lr\/gTZtIQk7m<\/p>\n<p>ECbZXwYAWEqIfqUopx2nTwEQiCcKLOG4N3+V0jMkGhRwejOXgEL6Rugf3Xe0zAC1<\/p>\n<p>9GIH7W2ZuQGNBFyt0MkBDADzeYX9r65Jg8mW\/QhX5xfM2j7\/Mq88PeXeFvKIGSrU<\/p>\n<p>XrxU5YM\/r003OWAJVkDFObTMOvI3dwwiVDxxr4LzU0\/cvSxUY5KqQ\/i8KZGgfTUy<\/p>\n<p>6GBRVRFCDcG+bpI6R\/rhwavhwWLy9mOcjsaNPss0uAxuC1D4tbe9W8scfzKTS+Su<\/p>\n<p>\/tZVBMePI40I5iCg53FilxI6tJbpsSlvQK9SQ7ARhdA5qQnzjx3KZEpPumL3TbLe<\/p>\n<p>szLbZUSYB1EPn+8N5w04S36TbjdQm5RqF9D+YuDkl8IdtEgCpvLAB8nCuxndsui+<\/p>\n<p>fUtOil8Mga32YSZnZfuaTUysWejhfIyWqqLuUTpEHr0N7gClYCQ2FlB8ykm8brWa<\/p>\n<p>GCUn4KAiQL3eSahYaE\/pnCtXsvNoLlDhPmNgKnrx5TJAJsNYlLbOvJXfk+onSgKA<\/p>\n<p>oZz1wQYyfP27i2W6E+uDW90SO6iQ+YvUM1Zq00dU8tpwOPEkifahgTfwjQe0C6es<\/p>\n<p>EHWVTWn0bkR0pCNsXlWFmRcAEQEAAYkBtgQYAQgAIBYhBHVeb8caCqPbaZnAGUuB<\/p>\n<p>3p8f2J8EBQJcrdDJAhsMAAoJEEuB3p8f2J8EWegL\/A7cdf6E818kKvTI2v1wM4DS<\/p>\n<p>ihBHAgOzAnjfvmlMlrhjCHdOXg3Zeu2mwA1NpxcziI4WDLOxZxQFgbFgg5ZqfNj0<\/p>\n<p>NrHchypaU80l3cxNkYeZTQlYO5GCGaCrffKlTSjcwhIt4sKrdmF+y3c9ZG5qu2h2<\/p>\n<p>8VHX3z4v\/HNojMSZYIPbxlz3IKS2zHzG5XxHPHOwmXeGNYlR0nn3rCOffaiQcA4+<\/p>\n<p>Qt0avk2kAHDb\/\/NSr8qpIIO7IJ1nqxyH22Vpe+vtqy8LYqA7eURx0426j2KQLo8I<\/p>\n<p>qusBwchBQvXsjIIGBpZD+PffgNDoFswVbYe++\/sl60HYQj4UV6+ToxH4wXdT3YzD<\/p>\n<p>BQzVD2Y7EHpVdNv9MQ1F8t3T6u95bG0HLDHYInZG3ZjeemO7q\/x0kqgDlV+h1s1v<\/p>\n<p>PMagaANVTiS1ieKCpPKe5NO9twgVl3ySfpKW2pXTupQE28B78XE9O71YBVuECuFd<\/p>\n<p>YoRIuVo3nLbv0fiNoI2OerMMO+zjQ1BXjMZBd+oZkw==<\/p>\n<p>=F4mN<\/p>\n<p>&#8212;&#8211;END PGP PUBLIC KEY BLOCK&#8212;&#8211;<\/p>\n","protected":false},"excerpt":{"rendered":"<p>Heinz-Ulrich Schwarz Georg-Landgraf-Stra\u00dfe 3 09112 Chemnitz hallo (bei) heinz-ulrich-schwarz.de \u00d6ffentlicher Schl\u00fcssel f\u00fcr verschl\u00fcsselte Nachrichten &#8212;&#8211;BEGIN PGP PUBLIC KEY BLOCK&#8212;&#8211; Comment: Benutzer-ID: Heinz-Ulrich Schwarz &lt;post@heinz-ulrich-schwarz.de&gt; Comment: Erstellt: 10.04.2019 13:17 Comment: Typ: 3072-bit RSA (geheimer Schl\u00fcssel verf\u00fcgbar) Comment: Verwendung: Signieren, Verschl\u00fcsselung, Benutzerkennungen beglaubigen Comment: Fingerabdruck: 755E6FC71A0AA3DB6999C0194B81DE9F1FD89F04 mQGNBFyt0MkBDACwp6j+zzFc8wtSlBDpARNDF0V8p0P2q3DvdH0GvWiuQzREmh5C kTEO0i26eyv\/YCVxPyEUI40dhCJ5DyuVigTW\/5m3FLz8+1n8x32t+o8JFEvtpCP9 wdrW1Ds3C9K+EVN74ATDnBZ03gM8S9NEKJZhOA144O0OMnI4CelvihfEAwVG3b\/8 dMqfn9tWMQcFNqkrEEizlazrXAVqGNsLC6rzB1WzzJrQIzhecBajhoGViIuAgP9b 3+D96tE7X\/oZeVlSw+5C6rrMSPbTTMIhURq1fL7M3fE+9jHaGyNcxgfdaPPH5y4B BEF+FJBHu0es8wzTPRR0RE7yeFIVIRwv96xVNX1f\/jP6KergOhoBE9Djhef14sze +SfgnTPCWkqmx3TOFAkYiK7s\/9D3N6FrMwQhMVSoKgLW3XzABfi4dY\/IYx5L7\/dN FW2EyMcfl4yM6xk\/effgi8SsHl0RYfLsXL49U1Ra8JWoMJihecTJP8Z0LkJD3MmG kKyCGouhdQCCaokAEQEAAbQzSGVpbnotVWxyaWNoIFNjaHdhcnogPHBvc3RAaGVp bnotdWxyaWNoLXNjaHdhcnouZGU+iQHOBBMBCAA4FiEEdV5vxxoKo9tpmcAZS4He nx\/YnwQFAlyt0MkCGwMFCwkIBwIGFQoJCAsCBBYCAwECHgECF4AACgkQS4Henx\/Y &hellip; <\/p>\n<p class=\"link-more\"><a href=\"https:\/\/heinz-ulrich-schwarz.de\/wordpress\/kontakt\/\" class=\"more-link\"><span class=\"screen-reader-text\">\u201eKontakt\u201c <\/span>weiterlesen<\/a><\/p>\n","protected":false},"author":4,"featured_media":0,"parent":0,"menu_order":0,"comment_status":"closed","ping_status":"closed","template":"","meta":{"_crdt_document":"","jetpack_post_was_ever_published":false,"footnotes":""},"class_list":["post-4","page","type-page","status-publish","hentry"],"jetpack_sharing_enabled":true,"jetpack_shortlink":"https:\/\/wp.me\/Pafp4h-4","_links":{"self":[{"href":"https:\/\/heinz-ulrich-schwarz.de\/wordpress\/wp-json\/wp\/v2\/pages\/4","targetHints":{"allow":["GET"]}}],"collection":[{"href":"https:\/\/heinz-ulrich-schwarz.de\/wordpress\/wp-json\/wp\/v2\/pages"}],"about":[{"href":"https:\/\/heinz-ulrich-schwarz.de\/wordpress\/wp-json\/wp\/v2\/types\/page"}],"author":[{"embeddable":true,"href":"https:\/\/heinz-ulrich-schwarz.de\/wordpress\/wp-json\/wp\/v2\/users\/4"}],"replies":[{"embeddable":true,"href":"https:\/\/heinz-ulrich-schwarz.de\/wordpress\/wp-json\/wp\/v2\/comments?post=4"}],"version-history":[{"count":17,"href":"https:\/\/heinz-ulrich-schwarz.de\/wordpress\/wp-json\/wp\/v2\/pages\/4\/revisions"}],"predecessor-version":[{"id":1394,"href":"https:\/\/heinz-ulrich-schwarz.de\/wordpress\/wp-json\/wp\/v2\/pages\/4\/revisions\/1394"}],"wp:attachment":[{"href":"https:\/\/heinz-ulrich-schwarz.de\/wordpress\/wp-json\/wp\/v2\/media?parent=4"}],"curies":[{"name":"wp","href":"https:\/\/api.w.org\/{rel}","templated":true}]}}